{"id":6040,"date":"2024-03-07T14:59:08","date_gmt":"2024-03-07T13:59:08","guid":{"rendered":"https:\/\/lecercledeseconomistes.fr\/privacy-policy\/"},"modified":"2024-03-20T17:14:52","modified_gmt":"2024-03-20T16:14:52","slug":"privacy-policy","status":"publish","type":"page","link":"https:\/\/lecercledeseconomistes.fr\/en\/privacy-policy\/","title":{"rendered":"Privacy Policy"},"content":{"rendered":"\n<div class=\"wp-block-group section-content-layout-without-cover is-layout-flow wp-block-group-is-layout-flow\">\n<div class=\"wp-block-columns is-not-stacked-on-mobile is-layout-flex wp-container-core-columns-is-layout-9d6595d7 wp-block-columns-is-layout-flex\">\n<div class=\"wp-block-column is-layout-flow wp-block-column-is-layout-flow\" style=\"flex-basis:33.33%\">\n<div class=\"wp-block-group is-layout-constrained wp-block-group-is-layout-constrained\"><\/div>\n<\/div>\n\n\n\n<div class=\"wp-block-column is-layout-flow wp-block-column-is-layout-flow\" style=\"flex-basis:66.66%\">\n<div style=\"height:100px\" aria-hidden=\"true\" class=\"wp-block-spacer is-style-spacer-normal\"><\/div>\n\n\n\n<p><strong>The Cercle des \u00e9conomistes is concerned about ensuring the security and confidentiality of personal data that may be processed in the course of carrying out its activities and providing services. The purpose of this personal data protection policy is to inform you of the commitments made by the Cercle des \u00e9conomistes to protect the privacy of citizens.<\/strong><\/p>\n\n\n\n<div style=\"height:100px\" aria-hidden=\"true\" class=\"wp-block-spacer is-style-spacer-normal\"><\/div>\n\n\n\n<h2 class=\"wp-block-heading\">1. What data is collected?<\/h2>\n\n\n\n<div style=\"height:100px\" aria-hidden=\"true\" class=\"wp-block-spacer is-style-spacer-normal\"><\/div>\n\n\n\n<p>Le Cercle des \u00e9conomistes minimizes the collection of any data and ensures that only data that is strictly necessary for the purpose for which it is collected is processed. Le Cercle des \u00e9conomistes takes care not to process sensitive data.<\/p>\n\n\n\n<div style=\"height:100px\" aria-hidden=\"true\" class=\"wp-block-spacer is-style-spacer-medium\"><\/div>\n\n\n\n<p>When you enter information directly (in particular via forms), your data is provided with full knowledge of the facts. No personal information of any person, including any user of the <a href=\"http:\/\/lecercledeseconomistes.fr\/\">http:\/\/lecercledeseconomistes.fr<\/a> or <a href=\"https:\/\/www.lesrencontreseconomiques.fr\/\">https:\/\/www.lesrencontreseconomiques.fr<\/a> site, is published without your knowledge, exchanged, transferred, assigned or sold on any medium whatsoever to third parties. Only the hypothesis of the acquisition of the Cercle des \u00e9conomistes or its rights would allow the transmission of this information to the potential purchaser, who would, in turn, be bound by the same obligation of data retention and protection.<\/p>\n\n\n\n<div style=\"height:100px\" aria-hidden=\"true\" class=\"wp-block-spacer is-style-spacer-medium\"><\/div>\n\n\n\n<p>When using the <a href=\"http:\/\/lecercledeseconomistes.fr\/\">http:\/\/lecercledeseconomistes.fr<\/a> or <a href=\"https:\/\/www.lesrencontreseconomiques.fr\/\">https:\/\/www.lesrencontreseconomiques.fr<\/a> website, the following information may be collected:<\/p>\n\n\n\n<ul class=\"wp-block-list\">\n<li>the URL of the links through which the user accessed the <a href=\"http:\/\/lecercledeseconomistes.fr\/\">http:\/\/lecercledeseconomistes.fr<\/a> or <a href=\"https:\/\/www.lesrencontreseconomiques.fr\/\">https:\/\/www.lesrencontreseconomiques.fr<\/a> website,<\/li>\n\n\n\n<li>the user&#8217;s access provider,<\/li>\n\n\n\n<li>the user&#8217;s Internet Protocol (IP) address.<\/li>\n<\/ul>\n\n\n\n<div style=\"height:100px\" aria-hidden=\"true\" class=\"wp-block-spacer is-style-spacer-medium\"><\/div>\n\n\n\n<p>Browsing the <a href=\"http:\/\/lecercledeseconomistes.fr\/\">http:\/\/lecercledeseconomistes.fr<\/a> or <a href=\"https:\/\/www.lesrencontreseconomiques.fr\/\">https:\/\/www.lesrencontreseconomiques.fr<\/a> site may result in the installation of cookie(s) on the user&#8217;s computer. A cookie is a small file which does not allow the user to be identified, but which records information relating to the navigation of a computer on a site. The data obtained in this way is intended to facilitate subsequent browsing of the site, and is also used to measure visitor numbers.<\/p>\n\n\n\n<div style=\"height:100px\" aria-hidden=\"true\" class=\"wp-block-spacer is-style-spacer-medium\"><\/div>\n\n\n\n<p>Refusal to install a cookie may prevent you from accessing certain services. The user may, however, configure his or her computer as follows to refuse the installation of cookies:<\/p>\n\n\n\n<ul class=\"wp-block-list\">\n<li>Internet Explorer: Tools tab (cog-shaped icon at top right) \/ Internet options. Click on Privacy and choose Block all cookies. Confirm with Ok.<\/li>\n\n\n\n<li>Firefox: at the top of the browser window, click on the Firefox button, then go to the Options tab. Click on the Privacy tab. Set Retention rules to: use custom settings for history. Finally, uncheck it to disable cookies.<\/li>\n\n\n\n<li>Safari: Click on the menu icon (symbolized by a cog) in the top right-hand corner of the browser. Select Settings. Click on Show advanced settings. In the &#8220;Privacy&#8221; section, click on Content settings. In the &#8220;Cookies&#8221; section, you can block cookies.<\/li>\n\n\n\n<li>Under Chrome: Click on the menu icon (symbolized by three horizontal lines) in the top right-hand corner of the browser. Select Settings. Click on Show advanced settings. In the &#8220;Privacy&#8221; section, click on preferences. In the &#8220;Privacy&#8221; tab, you can block cookies.<\/li>\n<\/ul>\n\n\n\n<div style=\"height:100px\" aria-hidden=\"true\" class=\"wp-block-spacer is-style-spacer-normal\"><\/div>\n\n\n\n<h2 class=\"wp-block-heading\">2. What are the purposes of the processing of personal data?<\/h2>\n\n\n\n<div style=\"height:100px\" aria-hidden=\"true\" class=\"wp-block-spacer is-style-spacer-normal\"><\/div>\n\n\n\n<p>The processing carried out by the Cercle des \u00e9conomistes serves an explicit, legitimate and specific purpose. The data collected is mainly used for the following purposes:<\/p>\n\n\n\n<ul class=\"wp-block-list\">\n<li>manage your registration for events organized by the Cercle des \u00e9conomistes ;<\/li>\n\n\n\n<li>managing your subscriptions to the publications of the Cercle des \u00e9conomistes;<\/li>\n\n\n\n<li>improving your digital experience on our media and in particular our websites.<\/li>\n<\/ul>\n\n\n\n<div style=\"height:100px\" aria-hidden=\"true\" class=\"wp-block-spacer is-style-spacer-normal\"><\/div>\n\n\n\n<h2 class=\"wp-block-heading\">3. What are the rights of data subjects?<\/h2>\n\n\n\n<div style=\"height:100px\" aria-hidden=\"true\" class=\"wp-block-spacer is-style-spacer-normal\"><\/div>\n\n\n\n<p>Any person affected by the processing of his or her personal data has the following rights.<\/p>\n\n\n\n<div style=\"height:100px\" aria-hidden=\"true\" class=\"wp-block-spacer is-style-spacer-small\"><\/div>\n\n\n\n<p><strong>A right to information<\/strong><\/p>\n\n\n\n<p>Le Cercle des \u00e9conomistes informs you about the processing of personal data that it implements in a clear manner as soon as your data is collected. This information covers :<\/p>\n\n\n\n<ul class=\"wp-block-list\">\n<li>the identity and contact details of the controller and, where applicable, of the controller&#8217;s representative;<\/li>\n\n\n\n<li>if applicable, the contact details of the data protection officer ;<\/li>\n\n\n\n<li>the purposes of the processing for which the personal data are intended and the legal basis for the processing;<\/li>\n\n\n\n<li>where applicable, the legitimate interests pursued by the Cercle des \u00e9conomistes or by a third party;<\/li>\n\n\n\n<li>the recipients or categories of recipients of personal data;<\/li>\n\n\n\n<li>where applicable, the fact that the Cercle des \u00e9conomistes intends to transfer personal data to a third country or to an international organisation;<\/li>\n\n\n\n<li>the length of time personal data will be kept or the criteria used to determine this length of time ;<\/li>\n\n\n\n<li>the existence of the right to ask the Cercle des \u00e9conomistes for access to personal data, their rectification or deletion, or a restriction on processing, or the right to object to processing and the right to data portability, as well as the possibility of defining the fate of one&#8217;s data after one&#8217;s death;<\/li>\n\n\n\n<li>the right to withdraw consent at any time, without affecting the lawfulness of processing based on consent given prior to withdrawal;<\/li>\n\n\n\n<li>the right to lodge a complaint with the CNIL;<\/li>\n\n\n\n<li>information on whether the requirement to provide personal data is of a regulatory or contractual nature, or whether it is a condition for the conclusion of a contract, and whether the data subject is obliged to provide the personal data, as well as on the possible consequences of failing to provide such data;<\/li>\n\n\n\n<li>the existence of automated decision-making, including profiling, as well as useful information concerning the underlying logic, and the importance and expected consequences of such processing.<\/li>\n<\/ul>\n\n\n\n<p>The medium for this information varies according to the characteristics of the processing (collection form, information panel for the video, etc.).<\/p>\n\n\n\n<div style=\"height:100px\" aria-hidden=\"true\" class=\"wp-block-spacer is-style-spacer-small\"><\/div>\n\n\n\n<p><strong>A right to object<\/strong><\/p>\n\n\n\n<p>You may object, on legitimate grounds, to the processing of your data, except where this is required by law.<\/p>\n\n\n\n<div style=\"height:100px\" aria-hidden=\"true\" class=\"wp-block-spacer is-style-spacer-small\"><\/div>\n\n\n\n<p><strong>A right of access<\/strong><\/p>\n\n\n\n<p>You can contact the Cercle des \u00e9conomistes to find out whether data concerning you is being processed. The Cercle des \u00e9conomistes may, however, refuse the request for access in cases determined by legal provisions. The Cercle des \u00e9conomistes is not obliged to respond to requests that are manifestly abusive, notably by their number, repetitive or systematic nature (for example, a request for a full copy of a recording every week).<\/p>\n\n\n\n<div style=\"height:100px\" aria-hidden=\"true\" class=\"wp-block-spacer is-style-spacer-small\"><\/div>\n\n\n\n<p><strong>A right to rectification<\/strong><\/p>\n\n\n\n<p>You may ask the Cercle des \u00e9conomistes to rectify inaccurate or incomplete personal data.<\/p>\n\n\n\n<div style=\"height:100px\" aria-hidden=\"true\" class=\"wp-block-spacer is-style-spacer-small\"><\/div>\n\n\n\n<p><strong>A right to be forgotten<\/strong><\/p>\n\n\n\n<p>You can ask the Cercle des \u00e9conomistes to delete your data in compliance with the applicable provisions on the protection of personal data.<\/p>\n\n\n\n<div style=\"height:100px\" aria-hidden=\"true\" class=\"wp-block-spacer is-style-spacer-small\"><\/div>\n\n\n\n<p><strong>A right to restriction of processing<\/strong><\/p>\n\n\n\n<p>You may ask the Cercle des \u00e9conomistes to limit the processing of your personal data in accordance with the applicable data protection provisions.<\/p>\n\n\n\n<div style=\"height:100px\" aria-hidden=\"true\" class=\"wp-block-spacer is-style-spacer-small\"><\/div>\n\n\n\n<p><strong>A right to data portability<\/strong><\/p>\n\n\n\n<p>You may request the portability of your data from the Cercle des \u00e9conomistes, provided that you can demonstrate compliance with the legal conditions applicable to data portability.<\/p>\n\n\n\n<div style=\"height:100px\" aria-hidden=\"true\" class=\"wp-block-spacer is-style-spacer-normal\"><\/div>\n\n\n\n<h2 class=\"wp-block-heading\">4. Where can I exercise my rights?<\/h2>\n\n\n\n<div style=\"height:100px\" aria-hidden=\"true\" class=\"wp-block-spacer is-style-spacer-normal\"><\/div>\n\n\n\n<p>You can exercise your rights by sending a letter to :<\/p>\n\n\n\n<p><strong>Cercle des \u00e9conomistes SAS<br\/><\/strong><strong>16 rue Jean Mermoz<br\/><\/strong><strong>75008 Paris<\/strong><\/p>\n\n\n\n<p>or by email at: <strong>contact@cercledeseconomistes.fr<\/strong><\/p>\n\n\n\n<div style=\"height:100px\" aria-hidden=\"true\" class=\"wp-block-spacer is-style-spacer-small\"><\/div>\n\n\n\n<p>To exercise your rights, you must send us your request accompanied by a copy of an identity document.<\/p>\n\n\n\n<div style=\"height:100px\" aria-hidden=\"true\" class=\"wp-block-spacer is-style-spacer-normal\"><\/div>\n<\/div>\n<\/div>\n<\/div>\n","protected":false},"excerpt":{"rendered":"<p>The Cercle des \u00e9conomistes is concerned about ensuring the security and confidentiality of personal data that may be processed in the course of carrying out its activities and providing services. The purpose of this personal data protection policy is to inform you of the commitments made by the Cercle des \u00e9conomistes to protect the privacy [&hellip;]<\/p>\n","protected":false},"author":5,"featured_media":0,"parent":0,"menu_order":0,"comment_status":"closed","ping_status":"closed","template":"","meta":{"_acf_changed":false,"_relevanssi_hide_post":"","_relevanssi_hide_content":"","_relevanssi_pin_for_all":"","_relevanssi_pin_keywords":"","_relevanssi_unpin_keywords":"","_relevanssi_related_keywords":"","_relevanssi_related_include_ids":"","_relevanssi_related_exclude_ids":"","_relevanssi_related_no_append":"","_relevanssi_related_not_related":"","_relevanssi_related_posts":"","_relevanssi_noindex_reason":"","footnotes":""},"class_list":["post-6040","page","type-page","status-publish","hentry"],"acf":[],"yoast_head":"<!-- This site is optimized with the Yoast SEO plugin v27.1.1 - https:\/\/yoast.com\/product\/yoast-seo-wordpress\/ -->\n<title>Privacy Policy - Le cercle des \u00e9conomistes<\/title>\n<meta name=\"robots\" content=\"index, follow, max-snippet:-1, max-image-preview:large, max-video-preview:-1\" \/>\n<link rel=\"canonical\" href=\"https:\/\/lecercledeseconomistes.fr\/en\/privacy-policy\/\" \/>\n<meta property=\"og:locale\" content=\"en_US\" \/>\n<meta property=\"og:type\" content=\"article\" \/>\n<meta property=\"og:title\" content=\"Privacy Policy - Le cercle des \u00e9conomistes\" \/>\n<meta property=\"og:description\" content=\"The Cercle des \u00e9conomistes is concerned about ensuring the security and confidentiality of personal data that may be processed in the course of carrying out its activities and providing services. The purpose of this personal data protection policy is to inform you of the commitments made by the Cercle des \u00e9conomistes to protect the privacy [&hellip;]\" \/>\n<meta property=\"og:url\" content=\"https:\/\/lecercledeseconomistes.fr\/en\/privacy-policy\/\" \/>\n<meta property=\"og:site_name\" content=\"Le cercle des \u00e9conomistes\" \/>\n<meta property=\"article:modified_time\" content=\"2024-03-20T16:14:52+00:00\" \/>\n<meta name=\"twitter:card\" content=\"summary_large_image\" \/>\n<!-- \/ Yoast SEO plugin. -->","yoast_head_json":{"title":"Privacy Policy - Le cercle des \u00e9conomistes","robots":{"index":"index","follow":"follow","max-snippet":"max-snippet:-1","max-image-preview":"max-image-preview:large","max-video-preview":"max-video-preview:-1"},"canonical":"https:\/\/lecercledeseconomistes.fr\/en\/privacy-policy\/","og_locale":"en_US","og_type":"article","og_title":"Privacy Policy - Le cercle des \u00e9conomistes","og_description":"The Cercle des \u00e9conomistes is concerned about ensuring the security and confidentiality of personal data that may be processed in the course of carrying out its activities and providing services. The purpose of this personal data protection policy is to inform you of the commitments made by the Cercle des \u00e9conomistes to protect the privacy [&hellip;]","og_url":"https:\/\/lecercledeseconomistes.fr\/en\/privacy-policy\/","og_site_name":"Le cercle des \u00e9conomistes","article_modified_time":"2024-03-20T16:14:52+00:00","twitter_card":"summary_large_image","schema":{"@context":"https:\/\/schema.org","@graph":[{"@type":"WebPage","@id":"https:\/\/lecercledeseconomistes.fr\/en\/privacy-policy\/","url":"https:\/\/lecercledeseconomistes.fr\/en\/privacy-policy\/","name":"Privacy Policy - Le cercle des \u00e9conomistes","isPartOf":{"@id":"https:\/\/lecercledeseconomistes.fr\/en\/#website"},"datePublished":"2024-03-07T13:59:08+00:00","dateModified":"2024-03-20T16:14:52+00:00","breadcrumb":{"@id":"https:\/\/lecercledeseconomistes.fr\/en\/privacy-policy\/#breadcrumb"},"inLanguage":"en-US","potentialAction":[{"@type":"ReadAction","target":["https:\/\/lecercledeseconomistes.fr\/en\/privacy-policy\/"]}]},{"@type":"BreadcrumbList","@id":"https:\/\/lecercledeseconomistes.fr\/en\/privacy-policy\/#breadcrumb","itemListElement":[{"@type":"ListItem","position":1,"name":"Home","item":"https:\/\/lecercledeseconomistes.fr\/en\/home\/"},{"@type":"ListItem","position":2,"name":"Privacy Policy"}]},{"@type":"WebSite","@id":"https:\/\/lecercledeseconomistes.fr\/en\/#website","url":"https:\/\/lecercledeseconomistes.fr\/en\/","name":"Le cercle des \u00e9conomistes","description":"","publisher":{"@id":"https:\/\/lecercledeseconomistes.fr\/en\/#organization"},"potentialAction":[{"@type":"SearchAction","target":{"@type":"EntryPoint","urlTemplate":"https:\/\/lecercledeseconomistes.fr\/en\/?s={search_term_string}"},"query-input":{"@type":"PropertyValueSpecification","valueRequired":true,"valueName":"search_term_string"}}],"inLanguage":"en-US"},{"@type":"Organization","@id":"https:\/\/lecercledeseconomistes.fr\/en\/#organization","name":"Le cercle des \u00e9conomistes","url":"https:\/\/lecercledeseconomistes.fr\/en\/","logo":{"@type":"ImageObject","inLanguage":"en-US","@id":"https:\/\/lecercledeseconomistes.fr\/en\/#\/schema\/logo\/image\/","url":"https:\/\/lecercledeseconomistes.fr\/wp-content\/uploads\/2023\/08\/logo.svg","contentUrl":"https:\/\/lecercledeseconomistes.fr\/wp-content\/uploads\/2023\/08\/logo.svg","width":1,"height":1,"caption":"Le cercle des \u00e9conomistes"},"image":{"@id":"https:\/\/lecercledeseconomistes.fr\/en\/#\/schema\/logo\/image\/"}}]}},"_links":{"self":[{"href":"https:\/\/lecercledeseconomistes.fr\/en\/wp-json\/wp\/v2\/pages\/6040","targetHints":{"allow":["GET"]}}],"collection":[{"href":"https:\/\/lecercledeseconomistes.fr\/en\/wp-json\/wp\/v2\/pages"}],"about":[{"href":"https:\/\/lecercledeseconomistes.fr\/en\/wp-json\/wp\/v2\/types\/page"}],"author":[{"embeddable":true,"href":"https:\/\/lecercledeseconomistes.fr\/en\/wp-json\/wp\/v2\/users\/5"}],"replies":[{"embeddable":true,"href":"https:\/\/lecercledeseconomistes.fr\/en\/wp-json\/wp\/v2\/comments?post=6040"}],"version-history":[{"count":1,"href":"https:\/\/lecercledeseconomistes.fr\/en\/wp-json\/wp\/v2\/pages\/6040\/revisions"}],"predecessor-version":[{"id":6041,"href":"https:\/\/lecercledeseconomistes.fr\/en\/wp-json\/wp\/v2\/pages\/6040\/revisions\/6041"}],"wp:attachment":[{"href":"https:\/\/lecercledeseconomistes.fr\/en\/wp-json\/wp\/v2\/media?parent=6040"}],"curies":[{"name":"wp","href":"https:\/\/api.w.org\/{rel}","templated":true}]}}